{"id":496,"date":"2019-03-28T19:13:14","date_gmt":"2019-03-28T18:13:14","guid":{"rendered":"https:\/\/lekmerison.hexarim.fr\/?page_id=496"},"modified":"2019-04-20T13:16:53","modified_gmt":"2019-04-20T11:16:53","slug":"bons-plans","status":"publish","type":"page","link":"https:\/\/lekmerison.hexarim.fr\/index.php\/accueil\/bons-plans\/","title":{"rendered":"Bons plans"},"content":{"rendered":"<div id=\"pl-496\"  class=\"panel-layout\" ><div id=\"pg-496-0\"  class=\"panel-grid panel-has-style\" ><div class=\"siteorigin-panels-stretch panel-row-style panel-row-style-for-496-0\" data-stretch-type=\"full\" ><div id=\"pgc-496-0-0\"  class=\"panel-grid-cell\" ><div id=\"panel-496-0-0-0\" class=\"so-panel widget widget_sow-image panel-first-child\" data-index=\"0\" ><div class=\"so-widget-sow-image so-widget-sow-image-default-6b88c04c1f9b\">\n\t<h3 class=\"widget-title\">r0x.fr<\/h3>\n<div class=\"sow-image-container\">\n<a href=\"https:\/\/r0x.fr\/\" >\t<img src=\"https:\/\/lekmerison.hexarim.fr\/wp-content\/uploads\/2019\/03\/r0xpalmier.png\" width=\"256\" height=\"256\" srcset=\"https:\/\/lekmerison.hexarim.fr\/wp-content\/uploads\/2019\/03\/r0xpalmier.png 256w, https:\/\/lekmerison.hexarim.fr\/wp-content\/uploads\/2019\/03\/r0xpalmier-150x150.png 150w\" sizes=\"(max-width: 256px) 100vw, 256px\" title=\"r0x.fr\" alt=\"\" \t\tclass=\"so-widget-image\"\/>\n<\/a><\/div>\n\n<\/div><\/div><div id=\"panel-496-0-0-1\" class=\"so-panel widget widget_sow-editor\" data-index=\"1\" ><div class=\"so-widget-sow-editor so-widget-sow-editor-base\">\n<div class=\"siteorigin-widget-tinymce textwidget\">\n\t<p style=\"text-align: center;\">r0x.fr - Communaut\u00e9 de jeux vid\u00e9o ind\u00e9pendants<\/p>\n<\/div>\n<\/div><\/div><div id=\"panel-496-0-0-2\" class=\"so-panel widget widget_sow-social-media-buttons panel-last-child\" data-index=\"2\" ><div class=\"so-widget-sow-social-media-buttons so-widget-sow-social-media-buttons-atom-359bbd8f1545\">\n\n<div class=\"social-media-button-container\">\n\t\n\t\t<a class=\"ow-button-hover sow-social-media-button-twitter-0 sow-social-media-button\" title=\"Lien vers le Twitter de r0x.fr\" aria-label=\"Lien vers le Twitter de r0x.fr\" target=\"_blank\" rel=\"noopener noreferrer\" href=\"https:\/\/twitter.com\/r0xfr?lang=fr\" >\n\t\t\t<span>\n\t\t\t\t\t\t\t\t<span class=\"sow-icon-fontawesome sow-fab\" data-sow-icon=\"&#xf099;\"\n\t\t ><\/span>\t\t\t\t\t\t\t<\/span>\n\t\t<\/a>\n\t\n\t\t<a class=\"ow-button-hover sow-social-media-button-steam-0 sow-social-media-button\" title=\"Lien vers la page Steam de r0x.fr\" aria-label=\"Lien vers la page Steam de r0x.fr\" target=\"_blank\" rel=\"noopener noreferrer\" href=\"https:\/\/steamcommunity.com\/groups\/r0xfr\" >\n\t\t\t<span>\n\t\t\t\t\t\t\t\t<span class=\"sow-icon-fontawesome sow-fab\" data-sow-icon=\"&#xf1b6;\"\n\t\t ><\/span>\t\t\t\t\t\t\t<\/span>\n\t\t<\/a>\n\t\n\t\t<a class=\"ow-button-hover sow-social-media-button-youtube-0 sow-social-media-button\" title=\"Lien vers la cha\u00eene Youtube de r0x.fr\" aria-label=\"Lien vers la cha\u00eene Youtube de r0x.fr\" target=\"_blank\" rel=\"noopener noreferrer\" href=\"https:\/\/www.youtube.com\/channel\/UCsnmGBzRE5_kPu6-P4p__gw\" >\n\t\t\t<span>\n\t\t\t\t\t\t\t\t<span class=\"sow-icon-fontawesome sow-fab\" data-sow-icon=\"&#xf167;\"\n\t\t ><\/span>\t\t\t\t\t\t\t<\/span>\n\t\t<\/a>\n\t\n\t\t<a class=\"ow-button-hover sow-social-media-button-twitch-0 sow-social-media-button\" title=\"Lien vers la cha\u00eene Twitch de r0x.fr\" aria-label=\"Lien vers la cha\u00eene Twitch de r0x.fr\" target=\"_blank\" rel=\"noopener noreferrer\" href=\"https:\/\/www.twitch.tv\/r0xFR_\" >\n\t\t\t<span>\n\t\t\t\t\t\t\t\t<span class=\"sow-icon-fontawesome sow-fab\" data-sow-icon=\"&#xf1e8;\"\n\t\t ><\/span>\t\t\t\t\t\t\t<\/span>\n\t\t<\/a>\n\t\n\t\t<a class=\"ow-button-hover sow-social-media-button-wordpress-0 sow-social-media-button\" title=\"Lien vers le site de r0x.fr\" aria-label=\"Lien vers le site de r0x.fr\" target=\"_blank\" rel=\"noopener noreferrer\" href=\"https:\/\/r0x.fr\/\" >\n\t\t\t<span>\n\t\t\t\t\t\t\t\t<span class=\"sow-icon-fontawesome sow-fab\" data-sow-icon=\"&#xf19a;\"\n\t\t ><\/span>\t\t\t\t\t\t\t<\/span>\n\t\t<\/a>\n\t<\/div>\n<\/div><\/div><\/div><div id=\"pgc-496-0-1\"  class=\"panel-grid-cell\" ><div id=\"panel-496-0-1-0\" class=\"so-panel widget widget_sow-image panel-first-child\" data-index=\"3\" ><div class=\"so-widget-sow-image so-widget-sow-image-default-6b88c04c1f9b\">\n\t<h3 class=\"widget-title\">Neowar<\/h3>\n<div class=\"sow-image-container\">\n<a href=\"https:\/\/www.twitch.tv\/neowarow\" >\t<img src=\"https:\/\/lekmerison.hexarim.fr\/wp-content\/uploads\/2019\/03\/aqjUave__400x400.jpg\" width=\"256\" height=\"256\" srcset=\"https:\/\/lekmerison.hexarim.fr\/wp-content\/uploads\/2019\/03\/aqjUave__400x400.jpg 256w, https:\/\/lekmerison.hexarim.fr\/wp-content\/uploads\/2019\/03\/aqjUave__400x400-150x150.jpg 150w\" sizes=\"(max-width: 256px) 100vw, 256px\" title=\"Neowar\" alt=\"\" \t\tclass=\"so-widget-image\"\/>\n<\/a><\/div>\n\n<\/div><\/div><div id=\"panel-496-0-1-1\" class=\"so-panel widget widget_sow-editor\" data-index=\"4\" ><div class=\"so-widget-sow-editor so-widget-sow-editor-base\">\n<div class=\"siteorigin-widget-tinymce textwidget\">\n\t<p style=\"text-align: center;\">Neowar (Streamer) - Un rageux plein de positivit\u00e9<\/p>\n<\/div>\n<\/div><\/div><div id=\"panel-496-0-1-2\" class=\"so-panel widget widget_sow-social-media-buttons panel-last-child\" data-index=\"5\" ><div class=\"so-widget-sow-social-media-buttons so-widget-sow-social-media-buttons-atom-ed58992b61d8\">\n\n<div class=\"social-media-button-container\">\n\t\n\t\t<a class=\"ow-button-hover sow-social-media-button-twitch-0 sow-social-media-button\" title=\"Lien vers la cha\u00eene Twitch de Neowar\" aria-label=\"Lien vers la cha\u00eene Twitch de Neowar\" target=\"_blank\" rel=\"noopener noreferrer\" href=\"https:\/\/www.twitch.tv\/neowarow\" >\n\t\t\t<span>\n\t\t\t\t\t\t\t\t<span class=\"sow-icon-fontawesome sow-fab\" data-sow-icon=\"&#xf1e8;\"\n\t\t ><\/span>\t\t\t\t\t\t\t<\/span>\n\t\t<\/a>\n\t\n\t\t<a class=\"ow-button-hover sow-social-media-button-twitter-0 sow-social-media-button\" title=\"Lien vers le Twitter de Neowar\" aria-label=\"Lien vers le Twitter de Neowar\" target=\"_blank\" rel=\"noopener noreferrer\" href=\"https:\/\/twitter.com\/Neowar2104?lang=fr\" >\n\t\t\t<span>\n\t\t\t\t\t\t\t\t<span class=\"sow-icon-fontawesome sow-fab\" data-sow-icon=\"&#xf099;\"\n\t\t ><\/span>\t\t\t\t\t\t\t<\/span>\n\t\t<\/a>\n\t\n\t\t<a class=\"ow-button-hover sow-social-media-button-youtube-0 sow-social-media-button\" title=\"Lien vers la cha\u00eene Youtube de Neowar\" aria-label=\"Lien vers la cha\u00eene Youtube de Neowar\" target=\"_blank\" rel=\"noopener noreferrer\" href=\"https:\/\/www.youtube.com\/user\/Neowar2104\" >\n\t\t\t<span>\n\t\t\t\t\t\t\t\t<span class=\"sow-icon-fontawesome sow-fab\" data-sow-icon=\"&#xf167;\"\n\t\t ><\/span>\t\t\t\t\t\t\t<\/span>\n\t\t<\/a>\n\t<\/div>\n<\/div><\/div><\/div><\/div><\/div><\/div>","protected":false},"excerpt":{"rendered":"<p>r0x.fr &#8211; Communaut\u00e9 de jeux vid\u00e9o ind\u00e9pendants Neowar (Streamer) &#8211; Un rageux plein de positivit\u00e9<\/p>\n","protected":false},"author":1,"featured_media":0,"parent":66,"menu_order":0,"comment_status":"closed","ping_status":"closed","template":"templates\/full-width.php","meta":[],"yst_prominent_words":[104,103],"yoast_head":"<!-- This site is optimized with the Yoast SEO Premium plugin v14.2 - https:\/\/yoast.com\/wordpress\/plugins\/seo\/ -->\n<title>Les Bons plans de Lekmerison (les partenaires, les potes,etc)<\/title>\n<meta name=\"description\" content=\"Ici on peut retrouver les bons plans propos\u00e9s par Lekmerison, \u00e7a peut \u00eatre des communaut\u00e9s comme r0x.fr ou le travail de vid\u00e9astes \/ streamer.\" \/>\n<meta name=\"robots\" content=\"index, follow\" \/>\n<meta name=\"googlebot\" content=\"index, follow, max-snippet:-1, max-image-preview:large, max-video-preview:-1\" \/>\n<meta name=\"bingbot\" content=\"index, follow, max-snippet:-1, max-image-preview:large, max-video-preview:-1\" \/>\n<link rel=\"canonical\" href=\"https:\/\/lekmerison.hexarim.fr\/index.php\/accueil\/bons-plans\/\" \/>\n<meta property=\"og:locale\" content=\"fr_FR\" \/>\n<meta property=\"og:type\" content=\"article\" \/>\n<meta property=\"og:title\" content=\"Les Bons plans de Lekmerison (les partenaires, les potes,etc)\" \/>\n<meta property=\"og:url\" content=\"https:\/\/lekmerison.hexarim.fr\/index.php\/accueil\/bons-plans\/\" \/>\n<meta property=\"og:site_name\" content=\"Lekmerison\" \/>\n<meta property=\"article:modified_time\" content=\"2019-04-20T11:16:53+00:00\" \/>\n<meta name=\"twitter:card\" content=\"summary_large_image\" \/>\n<script type=\"application\/ld+json\" class=\"yoast-schema-graph\">{\"@context\":\"https:\/\/schema.org\",\"@graph\":[{\"@type\":[\"Person\",\"Organization\"],\"@id\":\"https:\/\/lekmerison.hexarim.fr\/#\/schema\/person\/7e0998abf0a84d4541666fc34ad6c818\",\"name\":\"Lekmerison\",\"image\":{\"@type\":\"ImageObject\",\"@id\":\"https:\/\/lekmerison.hexarim.fr\/#personlogo\",\"inLanguage\":\"fr-FR\",\"url\":\"https:\/\/lekmerison.hexarim.fr\/wp-content\/uploads\/2017\/10\/AvatarYT.png\",\"width\":256,\"height\":256,\"caption\":\"Lekmerison\"},\"logo\":{\"@id\":\"https:\/\/lekmerison.hexarim.fr\/#personlogo\"},\"sameAs\":[\"https:\/\/www.youtube.com\/user\/Lekmerison\/\"]},{\"@type\":\"WebSite\",\"@id\":\"https:\/\/lekmerison.hexarim.fr\/#website\",\"url\":\"https:\/\/lekmerison.hexarim.fr\/\",\"name\":\"Lekmerison\",\"description\":\"L&#039;ours de fer qui aime vous divertir.\",\"publisher\":{\"@id\":\"https:\/\/lekmerison.hexarim.fr\/#\/schema\/person\/7e0998abf0a84d4541666fc34ad6c818\"},\"potentialAction\":[{\"@type\":\"SearchAction\",\"target\":\"https:\/\/lekmerison.hexarim.fr\/?s={search_term_string}\",\"query-input\":\"required name=search_term_string\"}],\"inLanguage\":\"fr-FR\"},{\"@type\":\"WebPage\",\"@id\":\"https:\/\/lekmerison.hexarim.fr\/index.php\/accueil\/bons-plans\/#webpage\",\"url\":\"https:\/\/lekmerison.hexarim.fr\/index.php\/accueil\/bons-plans\/\",\"name\":\"Les Bons plans de Lekmerison (les partenaires, les potes,etc)\",\"isPartOf\":{\"@id\":\"https:\/\/lekmerison.hexarim.fr\/#website\"},\"datePublished\":\"2019-03-28T18:13:14+00:00\",\"dateModified\":\"2019-04-20T11:16:53+00:00\",\"description\":\"Ici on peut retrouver les bons plans propos\\u00e9s par Lekmerison, \\u00e7a peut \\u00eatre des communaut\\u00e9s comme r0x.fr ou le travail de vid\\u00e9astes \/ streamer.\",\"inLanguage\":\"fr-FR\",\"potentialAction\":[{\"@type\":\"ReadAction\",\"target\":[\"https:\/\/lekmerison.hexarim.fr\/index.php\/accueil\/bons-plans\/\"]}]}]}<\/script>\n<!-- \/ Yoast SEO Premium plugin. -->","_links":{"self":[{"href":"https:\/\/lekmerison.hexarim.fr\/index.php\/wp-json\/wp\/v2\/pages\/496"}],"collection":[{"href":"https:\/\/lekmerison.hexarim.fr\/index.php\/wp-json\/wp\/v2\/pages"}],"about":[{"href":"https:\/\/lekmerison.hexarim.fr\/index.php\/wp-json\/wp\/v2\/types\/page"}],"author":[{"embeddable":true,"href":"https:\/\/lekmerison.hexarim.fr\/index.php\/wp-json\/wp\/v2\/users\/1"}],"replies":[{"embeddable":true,"href":"https:\/\/lekmerison.hexarim.fr\/index.php\/wp-json\/wp\/v2\/comments?post=496"}],"version-history":[{"count":45,"href":"https:\/\/lekmerison.hexarim.fr\/index.php\/wp-json\/wp\/v2\/pages\/496\/revisions"}],"predecessor-version":[{"id":513,"href":"https:\/\/lekmerison.hexarim.fr\/index.php\/wp-json\/wp\/v2\/pages\/496\/revisions\/513"}],"up":[{"embeddable":true,"href":"https:\/\/lekmerison.hexarim.fr\/index.php\/wp-json\/wp\/v2\/pages\/66"}],"wp:attachment":[{"href":"https:\/\/lekmerison.hexarim.fr\/index.php\/wp-json\/wp\/v2\/media?parent=496"}],"wp:term":[{"taxonomy":"yst_prominent_words","embeddable":true,"href":"https:\/\/lekmerison.hexarim.fr\/index.php\/wp-json\/wp\/v2\/yst_prominent_words?post=496"}],"curies":[{"name":"wp","href":"https:\/\/api.w.org\/{rel}","templated":true}]}}