{"id":296,"date":"2018-04-15T21:47:03","date_gmt":"2018-04-15T19:47:03","guid":{"rendered":"https:\/\/lekmerison.hexarim.fr\/?page_id=296"},"modified":"2019-03-28T20:11:54","modified_gmt":"2019-03-28T19:11:54","slug":"playlists-plates-formes","status":"publish","type":"page","link":"https:\/\/lekmerison.hexarim.fr\/index.php\/accueil\/playlists\/playlists-plates-formes\/","title":{"rendered":"Playlists Plates-formes"},"content":{"rendered":"<div id=\"pl-296\"  class=\"panel-layout\" ><div id=\"pg-296-0\"  class=\"panel-grid panel-no-style\" ><div id=\"pgc-296-0-0\"  class=\"panel-grid-cell\" ><div id=\"panel-296-0-0-0\" class=\"so-panel widget widget_sow-editor panel-first-child panel-last-child\" data-index=\"0\" ><div class=\"so-widget-sow-editor so-widget-sow-editor-base\">\n<div class=\"siteorigin-widget-tinymce textwidget\">\n\t<h2 style=\"text-align: center;\"><strong>Voici les jeux de type \u00abPlates-formes\u00bb auxquels j'ai jou\u00e9 :<\/strong><\/h2>\n<\/div>\n<\/div><\/div><\/div><\/div><div id=\"pg-296-1\"  class=\"panel-grid panel-no-style\" ><div id=\"pgc-296-1-0\"  class=\"panel-grid-cell\" ><div id=\"panel-296-1-0-0\" class=\"so-panel widget widget_sow-editor panel-first-child panel-last-child\" data-index=\"1\" ><div class=\"so-widget-sow-editor so-widget-sow-editor-base\">\n<div class=\"siteorigin-widget-tinymce textwidget\">\n\t<h3 style=\"text-align: center;\"><strong>Spyro : Year of the Dragon (PS1)<\/strong><\/h3>\n\t\t\t<div class=\"yotu-playlist yotuwp yotu-limit-min   yotu-thumb-169  yotu-template-grid\" data-yotu=\"6a08bd70b01a8\" data-page=\"1\" id=\"yotuwp-6a08bd70aaf2b\" data-total=\"7\" data-settings=\"eyJ0eXBlIjoicGxheWxpc3QiLCJpZCI6IlBMLVF0LWEwVkVlREFsZTE2T3ZMUUFKM3REd3piZHphX0ciLCJwYWdpbmF0aW9uIjoib24iLCJwYWdpdHlwZSI6InBhZ2VyIiwiY29sdW1uIjoiMyIsInBlcl9wYWdlIjoiMyIsInRlbXBsYXRlIjoiZ3JpZCIsInRpdGxlIjoib24iLCJkZXNjcmlwdGlvbiI6Im9uIiwidGh1bWJyYXRpbyI6IjE2OSIsIm1ldGEiOiJvZmYiLCJtZXRhX2RhdGEiOiJvZmYiLCJtZXRhX3Bvc2l0aW9uIjoib2ZmIiwiZGF0ZV9mb3JtYXQiOiJvZmYiLCJtZXRhX2FsaWduIjoib2ZmIiwic3Vic2NyaWJlIjoib2ZmIiwiZHVyYXRpb24iOiJvZmYiLCJtZXRhX2ljb24iOiJvZmYiLCJuZXh0dGV4dCI6IiIsInByZXZ0ZXh0IjoiIiwibG9hZG1vcmV0ZXh0IjoiIiwicGxheWVyIjp7Im1vZGUiOiJsYXJnZSIsIndpZHRoIjoiNjAwIiwic2Nyb2xsaW5nIjoiMTAwIiwiYXV0b3BsYXkiOjAsImNvbnRyb2xzIjoxLCJtb2Rlc3RicmFuZGluZyI6MSwibG9vcCI6MCwiYXV0b25leHQiOjAsInNob3dpbmZvIjoxLCJyZWwiOjEsInBsYXlpbmciOjAsInBsYXlpbmdfZGVzY3JpcHRpb24iOjAsInRodW1ibmFpbHMiOjAsImNjX2xvYWRfcG9saWN5IjoiMCIsImNjX2xhbmdfcHJlZiI6MCwiaGwiOjAsIml2X2xvYWRfcG9saWN5IjoiMyJ9LCJsYXN0X3RhYiI6ImVmZmVjdHMiLCJ1c2VfYXNfbW9kYWwiOiJvZmYiLCJtb2RhbF9pZCI6Im9mZiIsImxhc3RfdXBkYXRlIjoiMTU3NjY5MTczMiIsInN0eWxpbmciOnsicGFnZXJfbGF5b3V0IjoiZGVmYXVsdCIsImJ1dHRvbiI6IjEiLCJidXR0b25fY29sb3IiOiIiLCJidXR0b25fYmdfY29sb3IiOiIiLCJidXR0b25fY29sb3JfaG92ZXIiOiIiLCJidXR0b25fYmdfY29sb3JfaG92ZXIiOiIiLCJ2aWRlb19zdHlsZSI6IiIsInBsYXlpY29uX2NvbG9yIjoiIiwiaG92ZXJfaWNvbiI6IiIsImdhbGxlcnlfYmciOiIifSwiZWZmZWN0cyI6eyJ2aWRlb19ib3giOiJ5dGVmLWdyb3ciLCJmbGlwX2VmZmVjdCI6IiJ9LCJnYWxsZXJ5X2lkIjoiNmEwOGJkNzBhYWYyYiIsIm5leHQiOiJFQUFhSGxCVU9rTkJUV2xGUkZWNVRWUlZlVkZxVVRWT1JGcEVUV3RaTTAwd1dRIiwicHJldiI6IiJ9\" data-player=\"large\" data-showdesc=\"on\">\n\t\t\t\t<div>\n\t\t\t\t\t\t\t\t\t\t<div class=\"yotu-wrapper-player\" style=\"width:600px\">\n\t\t\t\t\t\t\t\t\t\t\t\t<div class=\"yotu-player\">\n\t\t\t\t\t\t\t<div class=\"yotu-video-placeholder\" id=\"yotu-player-6a08bd70b01a8\"><\/div>\n\t\t\t\t\t\t<\/div>\n\t\t\t\t\t\t<div class=\"yotu-playing-status\"><\/div>\n\t\t\t\t\t\t\t\t\t\t\t<\/div>\n\n\t\t\t\t\t<div class=\"yotu-pagination yotu-pager_layout-default yotu-pagination-top\">\n<a href=\"#\" class=\"yotu-pagination-prev yotu-button-prs yotu-button-prs-1\" data-page=\"prev\">Prev<\/a>\n<span class=\"yotu-pagination-current\">1<\/span> <span>of<\/span> <span class=\"yotu-pagination-total\">7<\/span>\n<a href=\"#\" class=\"yotu-pagination-next yotu-button-prs yotu-button-prs-1\" data-page=\"next\">Next<\/a>\n<\/div>\n<div class=\"yotu-videos yotu-mode-grid yotu-column-3 yotu-player-mode-large\">\n\t<ul>\n\t\t\t\t\t<li class=\" yotu-first\">\n\t\t\t\t\t\t\t\t<a href=\"#1H2xVLGzbXs\" class=\"yotu-video ytef-grow\" data-videoid=\"1H2xVLGzbXs\" data-title=\"\ud83c\udfae Spyro : Year of the Dragon | Episode 1 | Let\\'s play FR\" title=\"\ud83c\udfae Spyro : Year of the Dragon | Episode 1 | Let's play FR\">\n\t\t\t\t\t<div class=\"yotu-video-thumb-wrp\">\n\t\t\t\t\t\t<div>\n\t\t\t\t\t\t\t\t\t\t\t\t\t\t<img class=\"yotu-video-thumb\" src=\"https:\/\/i.ytimg.com\/vi\/1H2xVLGzbXs\/sddefault.jpg\" alt=\"\ud83c\udfae Spyro : Year of the Dragon | Episode 1 | Let's play FR\">\t\n\t\t\t\t\t\t\t\t\t\t\t\t\t<\/div>\n\t\t\t\t\t<\/div>\n\t\t\t\t\t\t\t\t\t\t\t<h3 class=\"yotu-video-title\">\ud83c\udfae Spyro : Year of the Dragon | Episode 1 | Let's play FR<\/h3>\n\t\t\t\t\t\t\t\t\t\t\t\t\t\t\t\t\t\t\t\t\t<div class=\"yotu-video-description\">Note : Le son sera corrig\u00e9 \u00e0 partir de l'\u00e9pisode 2.<br \/>\n<br \/>\n\"Les oeufs des dragons ont \u00e9t\u00e9 vol\u00e9s ! Spyro devra traverser les Mondes Oubli\u00e9s, un univers color\u00e9 o\u00f9 il parcourra des royaumes divers et vari\u00e9s comme des plages, des sites enneig\u00e9s, une usine de feux d'artifices, en passant par des niveaux montagneux ou encore des catacombes. Ces royaumes sont regroup\u00e9s en quatre Mondes Oubli\u00e9s, qui repr\u00e9sentent un moment de la journ\u00e9e : le Soleil Levant Printanier, les Jardins de Midi, le Lac Cr\u00e9pusculaire et la Montagne de Minuit.\"<br \/>\n<br \/>\n\u2550\u2550\u2550\u2550\u2550\u2550\u2550\u2550\u2550\u2550\u2550\u2550\u2550\u2550\u2550\u2550\u2550\u2550\u2550\u2550\u2550\u2550\u2550\u2550\u2550\u2550\u2550\u2550\u2550\u2550\u2550\u2550\u2550\u2550\u2550\u2550\u2550\u2550\u2550\u2550\u2550\u2550\u2550\u2550\u2550\u2550\u2550\u2550\u2550\u2550\u2550\u2550\u2550\u2550\u2550<br \/>\nVous entrez dans la description de la vid\u00e9o. Plusieurs options d'offrent \u00e0 vous. Que fa\u00eetes-vous ?<br \/>\n<br \/>\n\u25ba Informations concernant le jeu \u25bc<br \/>\n0 - Plate-forme : PS1<br \/>\n1 - Nom du jeu : Spyro : Year of the Dragon<br \/>\n<br \/>\n\u25c4<br \/>\n<br \/>\n\u25ba Actualit\u00e9 de la cha\u00eene \u25bc<br \/>\n2 -  Site internet : https:\/\/lekmerison.hexarim.fr\/<br \/>\n3 - Twitter : https:\/\/twitter.com\/Lekmerison<br \/>\n4 - Discord : https:\/\/discordapp.com\/invite\/014j9S0E8EYMoTr2h<br \/>\n\u25c4<br \/>\n<br \/>\n\u25ba Les bons plans \u25bc<br \/>\n5 - r0x.fr communaut\u00e9 Indie : https:\/\/r0x.fr\/<br \/>\n6 - Neowar, streamer : https:\/\/discord.gg\/nnNNAkb<br \/>\n\u25c4<br \/>\n<br \/>\nVeuillez indiquer votre choix : \u2588<br \/>\n\u2550\u2550\u2550\u2550\u2550\u2550\u2550\u2550\u2550\u2550\u2550\u2550\u2550\u2550\u2550\u2550\u2550\u2550\u2550\u2550\u2550\u2550\u2550\u2550\u2550\u2550\u2550\u2550\u2550\u2550\u2550\u2550\u2550\u2550\u2550\u2550\u2550\u2550\u2550\u2550\u2550\u2550\u2550\u2550\u2550\u2550\u2550\u2550\u2550\u2550\u2550\u2550\u2550\u2550\u2550<\/div>\n\t\t\t\t\t\t\t\t\t<\/a>\n\t\t\t\t\t\t\t<\/li>\n\t\t\t\t\n\t\t\t\t\t\t<li class=\"\">\n\t\t\t\t\t\t\t\t<a href=\"#flLkf96CaKk\" class=\"yotu-video ytef-grow\" data-videoid=\"flLkf96CaKk\" data-title=\"\ud83c\udfae Spyro : Year of the Dragon | Episode 2 | Let\\'s play FR\" title=\"\ud83c\udfae Spyro : Year of the Dragon | Episode 2 | Let's play FR\">\n\t\t\t\t\t<div class=\"yotu-video-thumb-wrp\">\n\t\t\t\t\t\t<div>\n\t\t\t\t\t\t\t\t\t\t\t\t\t\t<img class=\"yotu-video-thumb\" src=\"https:\/\/i.ytimg.com\/vi\/flLkf96CaKk\/sddefault.jpg\" alt=\"\ud83c\udfae Spyro : Year of the Dragon | Episode 2 | Let's play FR\">\t\n\t\t\t\t\t\t\t\t\t\t\t\t\t<\/div>\n\t\t\t\t\t<\/div>\n\t\t\t\t\t\t\t\t\t\t\t<h3 class=\"yotu-video-title\">\ud83c\udfae Spyro : Year of the Dragon | Episode 2 | Let's play FR<\/h3>\n\t\t\t\t\t\t\t\t\t\t\t\t\t\t\t\t\t\t\t\t\t<div class=\"yotu-video-description\">\"Les oeufs des dragons ont \u00e9t\u00e9 vol\u00e9s ! Spyro devra traverser les Mondes Oubli\u00e9s, un univers color\u00e9 o\u00f9 il parcourra des royaumes divers et vari\u00e9s comme des plages, des sites enneig\u00e9s, une usine de feux d'artifices, en passant par des niveaux montagneux ou encore des catacombes. Ces royaumes sont regroup\u00e9s en quatre Mondes Oubli\u00e9s, qui repr\u00e9sentent un moment de la journ\u00e9e : le Soleil Levant Printanier, les Jardins de Midi, le Lac Cr\u00e9pusculaire et la Montagne de Minuit.\"<br \/>\n<br \/>\n\u2550\u2550\u2550\u2550\u2550\u2550\u2550\u2550\u2550\u2550\u2550\u2550\u2550\u2550\u2550\u2550\u2550\u2550\u2550\u2550\u2550\u2550\u2550\u2550\u2550\u2550\u2550\u2550\u2550\u2550\u2550\u2550\u2550\u2550\u2550\u2550\u2550\u2550\u2550\u2550\u2550\u2550\u2550\u2550\u2550\u2550\u2550\u2550\u2550\u2550\u2550\u2550\u2550\u2550\u2550<br \/>\nVous entrez dans la description de la vid\u00e9o. Plusieurs options d'offrent \u00e0 vous. Que fa\u00eetes-vous ?<br \/>\n<br \/>\n\u25ba Informations concernant le jeu \u25bc<br \/>\n0 - Plate-forme : PS1<br \/>\n1 - Nom du jeu : Spyro : Year of the Dragon<br \/>\n<br \/>\n\u25c4<br \/>\n<br \/>\n\u25ba Actualit\u00e9 de la cha\u00eene \u25bc<br \/>\n2 -  Site internet : https:\/\/lekmerison.hexarim.fr\/<br \/>\n3 - Twitter : https:\/\/twitter.com\/Lekmerison<br \/>\n4 - Discord : https:\/\/discordapp.com\/invite\/014j9S0E8EYMoTr2h<br \/>\n\u25c4<br \/>\n<br \/>\n\u25ba Les bons plans \u25bc<br \/>\n5 - r0x.fr communaut\u00e9 Indie : https:\/\/r0x.fr\/<br \/>\n6 - Neowar, streamer : https:\/\/discord.gg\/nnNNAkb<br \/>\n\u25c4<br \/>\n<br \/>\nVeuillez indiquer votre choix : \u2588<br \/>\n\u2550\u2550\u2550\u2550\u2550\u2550\u2550\u2550\u2550\u2550\u2550\u2550\u2550\u2550\u2550\u2550\u2550\u2550\u2550\u2550\u2550\u2550\u2550\u2550\u2550\u2550\u2550\u2550\u2550\u2550\u2550\u2550\u2550\u2550\u2550\u2550\u2550\u2550\u2550\u2550\u2550\u2550\u2550\u2550\u2550\u2550\u2550\u2550\u2550\u2550\u2550\u2550\u2550\u2550\u2550<\/div>\n\t\t\t\t\t\t\t\t\t<\/a>\n\t\t\t\t\t\t\t<\/li>\n\t\t\t\t\n\t\t\t\t\t\t<li class=\" yotu-last\">\n\t\t\t\t\t\t\t\t<a href=\"#7MaKcaj_WNs\" class=\"yotu-video ytef-grow\" data-videoid=\"7MaKcaj_WNs\" data-title=\"\ud83c\udfae Spyro : Year of the Dragon | Episode 3| Let\\'s play FR\" title=\"\ud83c\udfae Spyro : Year of the Dragon | Episode 3| Let's play FR\">\n\t\t\t\t\t<div class=\"yotu-video-thumb-wrp\">\n\t\t\t\t\t\t<div>\n\t\t\t\t\t\t\t\t\t\t\t\t\t\t<img class=\"yotu-video-thumb\" src=\"https:\/\/i.ytimg.com\/vi\/7MaKcaj_WNs\/sddefault.jpg\" alt=\"\ud83c\udfae Spyro : Year of the Dragon | Episode 3| Let's play FR\">\t\n\t\t\t\t\t\t\t\t\t\t\t\t\t<\/div>\n\t\t\t\t\t<\/div>\n\t\t\t\t\t\t\t\t\t\t\t<h3 class=\"yotu-video-title\">\ud83c\udfae Spyro : Year of the Dragon | Episode 3| Let's play FR<\/h3>\n\t\t\t\t\t\t\t\t\t\t\t\t\t\t\t\t\t\t\t\t\t<div class=\"yotu-video-description\">\"Les oeufs des dragons ont \u00e9t\u00e9 vol\u00e9s ! Spyro devra traverser les Mondes Oubli\u00e9s, un univers color\u00e9 o\u00f9 il parcourra des royaumes divers et vari\u00e9s comme des plages, des sites enneig\u00e9s, une usine de feux d'artifices, en passant par des niveaux montagneux ou encore des catacombes. Ces royaumes sont regroup\u00e9s en quatre Mondes Oubli\u00e9s, qui repr\u00e9sentent un moment de la journ\u00e9e : le Soleil Levant Printanier, les Jardins de Midi, le Lac Cr\u00e9pusculaire et la Montagne de Minuit.\"<br \/>\n<br \/>\n\u2550\u2550\u2550\u2550\u2550\u2550\u2550\u2550\u2550\u2550\u2550\u2550\u2550\u2550\u2550\u2550\u2550\u2550\u2550\u2550\u2550\u2550\u2550\u2550\u2550\u2550\u2550\u2550\u2550\u2550\u2550\u2550\u2550\u2550\u2550\u2550\u2550\u2550\u2550\u2550\u2550\u2550\u2550\u2550\u2550\u2550\u2550\u2550\u2550\u2550\u2550\u2550\u2550\u2550\u2550<br \/>\nVous entrez dans la description de la vid\u00e9o. Plusieurs options d'offrent \u00e0 vous. Que fa\u00eetes-vous ?<br \/>\n<br \/>\n\u25ba Informations concernant le jeu \u25bc<br \/>\n0 - Plate-forme : PS1<br \/>\n1 - Nom du jeu : Spyro : Year of the Dragon<br \/>\n<br \/>\n\u25c4<br \/>\n<br \/>\n\u25ba Actualit\u00e9 de la cha\u00eene \u25bc<br \/>\n2 -  Site internet : https:\/\/lekmerison.hexarim.fr\/<br \/>\n3 - Twitter : https:\/\/twitter.com\/Lekmerison<br \/>\n4 - Discord : https:\/\/discordapp.com\/invite\/014j9S0E8EYMoTr2h<br \/>\n\u25c4<br \/>\n<br \/>\n\u25ba Les bons plans \u25bc<br \/>\n5 - r0x.fr communaut\u00e9 Indie : https:\/\/r0x.fr\/<br \/>\n6 - Neowar, streamer : https:\/\/discord.gg\/nnNNAkb<br \/>\n\u25c4<br \/>\n<br \/>\nVeuillez indiquer votre choix : \u2588<br \/>\n\u2550\u2550\u2550\u2550\u2550\u2550\u2550\u2550\u2550\u2550\u2550\u2550\u2550\u2550\u2550\u2550\u2550\u2550\u2550\u2550\u2550\u2550\u2550\u2550\u2550\u2550\u2550\u2550\u2550\u2550\u2550\u2550\u2550\u2550\u2550\u2550\u2550\u2550\u2550\u2550\u2550\u2550\u2550\u2550\u2550\u2550\u2550\u2550\u2550\u2550\u2550\u2550\u2550\u2550\u2550<\/div>\n\t\t\t\t\t\t\t\t\t<\/a>\n\t\t\t\t\t\t\t<\/li>\n\t\t\t\t\n\t\t\t\t<\/ul>\n<\/div><div class=\"yotu-pagination yotu-pager_layout-default yotu-pagination-bottom\">\n<a href=\"#\" class=\"yotu-pagination-prev yotu-button-prs yotu-button-prs-1\" data-page=\"prev\">Prev<\/a>\n<span class=\"yotu-pagination-current\">1<\/span> <span>of<\/span> <span class=\"yotu-pagination-total\">7<\/span>\n<a href=\"#\" class=\"yotu-pagination-next yotu-button-prs yotu-button-prs-1\" data-page=\"next\">Next<\/a>\n<\/div>\n\t\t\t\t<\/div>\n\t\t\t<\/div>\n\t\t\t\n<\/div>\n<\/div><\/div><\/div><\/div><\/div>","protected":false},"excerpt":{"rendered":"<p>Voici les jeux de type \u00abPlates-formes\u00bb auxquels j&#8217;ai jou\u00e9 : Spyro : Year of the&#8230;<\/p>\n<div class=\"more-link-wrapper\"><a class=\"more-link\" href=\"https:\/\/lekmerison.hexarim.fr\/index.php\/accueil\/playlists\/playlists-plates-formes\/\">Read the post<span class=\"screen-reader-text\">Playlists Plates-formes<\/span><\/a><\/div>\n","protected":false},"author":1,"featured_media":0,"parent":277,"menu_order":0,"comment_status":"closed","ping_status":"closed","template":"templates\/full-width.php","meta":[],"yst_prominent_words":[17,21,22,11,24,25,20,10,15,18,14,23,16,12,7,6,13,8,19,9],"yoast_head":"<!-- This site is optimized with the Yoast SEO Premium plugin v14.2 - https:\/\/yoast.com\/wordpress\/plugins\/seo\/ -->\n<title>Playlists Plates-formes - Lekmerison<\/title>\n<meta name=\"robots\" content=\"index, follow\" \/>\n<meta name=\"googlebot\" content=\"index, follow, max-snippet:-1, max-image-preview:large, max-video-preview:-1\" \/>\n<meta name=\"bingbot\" content=\"index, follow, max-snippet:-1, max-image-preview:large, max-video-preview:-1\" \/>\n<link rel=\"canonical\" href=\"https:\/\/lekmerison.hexarim.fr\/index.php\/accueil\/playlists\/playlists-plates-formes\/\" \/>\n<meta property=\"og:locale\" content=\"fr_FR\" \/>\n<meta property=\"og:type\" content=\"article\" \/>\n<meta property=\"og:title\" content=\"Playlists Plates-formes - Lekmerison\" \/>\n<meta property=\"og:description\" content=\"Voici les jeux de type \u00abPlates-formes\u00bb auxquels j&#039;ai jou\u00e9 : Spyro : Year of the&#8230;\" \/>\n<meta property=\"og:url\" content=\"https:\/\/lekmerison.hexarim.fr\/index.php\/accueil\/playlists\/playlists-plates-formes\/\" \/>\n<meta property=\"og:site_name\" content=\"Lekmerison\" \/>\n<meta property=\"article:modified_time\" content=\"2019-03-28T19:11:54+00:00\" \/>\n<meta name=\"twitter:card\" content=\"summary_large_image\" \/>\n<script type=\"application\/ld+json\" class=\"yoast-schema-graph\">{\"@context\":\"https:\/\/schema.org\",\"@graph\":[{\"@type\":[\"Person\",\"Organization\"],\"@id\":\"https:\/\/lekmerison.hexarim.fr\/#\/schema\/person\/7e0998abf0a84d4541666fc34ad6c818\",\"name\":\"Lekmerison\",\"image\":{\"@type\":\"ImageObject\",\"@id\":\"https:\/\/lekmerison.hexarim.fr\/#personlogo\",\"inLanguage\":\"fr-FR\",\"url\":\"https:\/\/lekmerison.hexarim.fr\/wp-content\/uploads\/2017\/10\/AvatarYT.png\",\"width\":256,\"height\":256,\"caption\":\"Lekmerison\"},\"logo\":{\"@id\":\"https:\/\/lekmerison.hexarim.fr\/#personlogo\"},\"sameAs\":[\"https:\/\/www.youtube.com\/user\/Lekmerison\/\"]},{\"@type\":\"WebSite\",\"@id\":\"https:\/\/lekmerison.hexarim.fr\/#website\",\"url\":\"https:\/\/lekmerison.hexarim.fr\/\",\"name\":\"Lekmerison\",\"description\":\"L&#039;ours de fer qui aime vous divertir.\",\"publisher\":{\"@id\":\"https:\/\/lekmerison.hexarim.fr\/#\/schema\/person\/7e0998abf0a84d4541666fc34ad6c818\"},\"potentialAction\":[{\"@type\":\"SearchAction\",\"target\":\"https:\/\/lekmerison.hexarim.fr\/?s={search_term_string}\",\"query-input\":\"required name=search_term_string\"}],\"inLanguage\":\"fr-FR\"},{\"@type\":\"WebPage\",\"@id\":\"https:\/\/lekmerison.hexarim.fr\/index.php\/accueil\/playlists\/playlists-plates-formes\/#webpage\",\"url\":\"https:\/\/lekmerison.hexarim.fr\/index.php\/accueil\/playlists\/playlists-plates-formes\/\",\"name\":\"Playlists Plates-formes - Lekmerison\",\"isPartOf\":{\"@id\":\"https:\/\/lekmerison.hexarim.fr\/#website\"},\"datePublished\":\"2018-04-15T19:47:03+00:00\",\"dateModified\":\"2019-03-28T19:11:54+00:00\",\"inLanguage\":\"fr-FR\",\"potentialAction\":[{\"@type\":\"ReadAction\",\"target\":[\"https:\/\/lekmerison.hexarim.fr\/index.php\/accueil\/playlists\/playlists-plates-formes\/\"]}]}]}<\/script>\n<!-- \/ Yoast SEO Premium plugin. -->","_links":{"self":[{"href":"https:\/\/lekmerison.hexarim.fr\/index.php\/wp-json\/wp\/v2\/pages\/296"}],"collection":[{"href":"https:\/\/lekmerison.hexarim.fr\/index.php\/wp-json\/wp\/v2\/pages"}],"about":[{"href":"https:\/\/lekmerison.hexarim.fr\/index.php\/wp-json\/wp\/v2\/types\/page"}],"author":[{"embeddable":true,"href":"https:\/\/lekmerison.hexarim.fr\/index.php\/wp-json\/wp\/v2\/users\/1"}],"replies":[{"embeddable":true,"href":"https:\/\/lekmerison.hexarim.fr\/index.php\/wp-json\/wp\/v2\/comments?post=296"}],"version-history":[{"count":4,"href":"https:\/\/lekmerison.hexarim.fr\/index.php\/wp-json\/wp\/v2\/pages\/296\/revisions"}],"predecessor-version":[{"id":389,"href":"https:\/\/lekmerison.hexarim.fr\/index.php\/wp-json\/wp\/v2\/pages\/296\/revisions\/389"}],"up":[{"embeddable":true,"href":"https:\/\/lekmerison.hexarim.fr\/index.php\/wp-json\/wp\/v2\/pages\/277"}],"wp:attachment":[{"href":"https:\/\/lekmerison.hexarim.fr\/index.php\/wp-json\/wp\/v2\/media?parent=296"}],"wp:term":[{"taxonomy":"yst_prominent_words","embeddable":true,"href":"https:\/\/lekmerison.hexarim.fr\/index.php\/wp-json\/wp\/v2\/yst_prominent_words?post=296"}],"curies":[{"name":"wp","href":"https:\/\/api.w.org\/{rel}","templated":true}]}}