{"id":194,"date":"2017-10-25T20:09:07","date_gmt":"2017-10-25T20:09:07","guid":{"rendered":"https:\/\/lekmerison.hexarim.fr\/index.php\/community\/"},"modified":"2020-06-01T16:38:09","modified_gmt":"2020-06-01T14:38:09","slug":"forum","status":"publish","type":"page","link":"https:\/\/lekmerison.hexarim.fr\/index.php\/accueil\/forum\/","title":{"rendered":"Forum"},"content":{"rendered":"\n\n\n<p>\n\nLekmerison &#8211; Forum d\u00e9di\u00e9 au monde des vid\u00e9astes. On peut aussi poster des projets, comme la traduction FR de<strong>&nbsp;FTL<\/strong>&nbsp;: Captain&#8217;s Edition.\n\n<\/p>\n","protected":false},"excerpt":{"rendered":"<p>Lekmerison &#8211; Forum d\u00e9di\u00e9 au monde des vid\u00e9astes. On peut aussi poster des projets, comme&#8230;<\/p>\n<div class=\"more-link-wrapper\"><a class=\"more-link\" href=\"https:\/\/lekmerison.hexarim.fr\/index.php\/accueil\/forum\/\">Read the post<span class=\"screen-reader-text\">Forum<\/span><\/a><\/div>\n","protected":false},"author":1,"featured_media":0,"parent":66,"menu_order":0,"comment_status":"closed","ping_status":"closed","template":"templates\/full-width.php","meta":[],"yst_prominent_words":[],"yoast_head":"<!-- This site is optimized with the Yoast SEO Premium plugin v14.2 - https:\/\/yoast.com\/wordpress\/plugins\/seo\/ -->\n<title>Forum - monde vid\u00e9aste - Lekmerison (discussions,projets,news)<\/title>\n<meta name=\"description\" content=\"Lekmerison - Forum d\u00e9di\u00e9 au monde des vid\u00e9astes. On peut aussi poster des projets, comme la traduction FR de FTL : Captain&#039;s Edition. -\" \/>\n<meta name=\"robots\" content=\"index, follow\" \/>\n<meta name=\"googlebot\" content=\"index, follow, max-snippet:-1, max-image-preview:large, max-video-preview:-1\" \/>\n<meta name=\"bingbot\" content=\"index, follow, max-snippet:-1, max-image-preview:large, max-video-preview:-1\" \/>\n<link rel=\"canonical\" href=\"https:\/\/lekmerison.hexarim.fr\/index.php\/accueil\/forum\/\" \/>\n<meta property=\"og:locale\" content=\"fr_FR\" \/>\n<meta property=\"og:type\" content=\"article\" \/>\n<meta property=\"og:title\" content=\"Forum - monde vid\u00e9aste - Lekmerison (discussions,projets,news)\" \/>\n<meta property=\"og:url\" content=\"https:\/\/lekmerison.hexarim.fr\/index.php\/accueil\/forum\/\" \/>\n<meta property=\"og:site_name\" content=\"Lekmerison\" \/>\n<meta property=\"article:modified_time\" content=\"2020-06-01T14:38:09+00:00\" \/>\n<meta property=\"og:image\" content=\"https:\/\/lekmerison.hexarim.fr\/wp-content\/uploads\/wpforo\/default_attachments\/1554978856-FTL_Capitaine_Edition_Trad_Title.png\" \/>\n\t<meta property=\"og:image:width\" content=\"586\" \/>\n\t<meta property=\"og:image:height\" content=\"384\" \/>\n<meta name=\"twitter:card\" content=\"summary_large_image\" \/>\n<meta name=\"twitter:title\" content=\"Forum de Lekmerison - Discussions, projets, etc.\" \/>\n<meta name=\"twitter:image\" content=\"https:\/\/lekmerison.hexarim.fr\/wp-content\/uploads\/wpforo\/default_attachments\/1554978856-FTL_Capitaine_Edition_Trad_Title.png\" \/>\n<script type=\"application\/ld+json\" class=\"yoast-schema-graph\">{\"@context\":\"https:\/\/schema.org\",\"@graph\":[{\"@type\":[\"Person\",\"Organization\"],\"@id\":\"https:\/\/lekmerison.hexarim.fr\/#\/schema\/person\/7e0998abf0a84d4541666fc34ad6c818\",\"name\":\"Lekmerison\",\"image\":{\"@type\":\"ImageObject\",\"@id\":\"https:\/\/lekmerison.hexarim.fr\/#personlogo\",\"inLanguage\":\"fr-FR\",\"url\":\"https:\/\/lekmerison.hexarim.fr\/wp-content\/uploads\/2017\/10\/AvatarYT.png\",\"width\":256,\"height\":256,\"caption\":\"Lekmerison\"},\"logo\":{\"@id\":\"https:\/\/lekmerison.hexarim.fr\/#personlogo\"},\"sameAs\":[\"https:\/\/www.youtube.com\/user\/Lekmerison\/\"]},{\"@type\":\"WebSite\",\"@id\":\"https:\/\/lekmerison.hexarim.fr\/#website\",\"url\":\"https:\/\/lekmerison.hexarim.fr\/\",\"name\":\"Lekmerison\",\"description\":\"L&#039;ours de fer qui aime vous divertir.\",\"publisher\":{\"@id\":\"https:\/\/lekmerison.hexarim.fr\/#\/schema\/person\/7e0998abf0a84d4541666fc34ad6c818\"},\"potentialAction\":[{\"@type\":\"SearchAction\",\"target\":\"https:\/\/lekmerison.hexarim.fr\/?s={search_term_string}\",\"query-input\":\"required name=search_term_string\"}],\"inLanguage\":\"fr-FR\"},{\"@type\":\"WebPage\",\"@id\":\"https:\/\/lekmerison.hexarim.fr\/index.php\/accueil\/forum\/#webpage\",\"url\":\"https:\/\/lekmerison.hexarim.fr\/index.php\/accueil\/forum\/\",\"name\":\"Forum - monde vid\\u00e9aste - Lekmerison (discussions,projets,news)\",\"isPartOf\":{\"@id\":\"https:\/\/lekmerison.hexarim.fr\/#website\"},\"datePublished\":\"2017-10-25T20:09:07+00:00\",\"dateModified\":\"2020-06-01T14:38:09+00:00\",\"description\":\"Lekmerison - Forum d\\u00e9di\\u00e9 au monde des vid\\u00e9astes. On peut aussi poster des projets, comme la traduction FR de FTL : Captain's Edition. -\",\"inLanguage\":\"fr-FR\",\"potentialAction\":[{\"@type\":\"ReadAction\",\"target\":[\"https:\/\/lekmerison.hexarim.fr\/index.php\/accueil\/forum\/\"]}]}]}<\/script>\n<!-- \/ Yoast SEO Premium plugin. -->","_links":{"self":[{"href":"https:\/\/lekmerison.hexarim.fr\/index.php\/wp-json\/wp\/v2\/pages\/194"}],"collection":[{"href":"https:\/\/lekmerison.hexarim.fr\/index.php\/wp-json\/wp\/v2\/pages"}],"about":[{"href":"https:\/\/lekmerison.hexarim.fr\/index.php\/wp-json\/wp\/v2\/types\/page"}],"author":[{"embeddable":true,"href":"https:\/\/lekmerison.hexarim.fr\/index.php\/wp-json\/wp\/v2\/users\/1"}],"replies":[{"embeddable":true,"href":"https:\/\/lekmerison.hexarim.fr\/index.php\/wp-json\/wp\/v2\/comments?post=194"}],"version-history":[{"count":10,"href":"https:\/\/lekmerison.hexarim.fr\/index.php\/wp-json\/wp\/v2\/pages\/194\/revisions"}],"predecessor-version":[{"id":632,"href":"https:\/\/lekmerison.hexarim.fr\/index.php\/wp-json\/wp\/v2\/pages\/194\/revisions\/632"}],"up":[{"embeddable":true,"href":"https:\/\/lekmerison.hexarim.fr\/index.php\/wp-json\/wp\/v2\/pages\/66"}],"wp:attachment":[{"href":"https:\/\/lekmerison.hexarim.fr\/index.php\/wp-json\/wp\/v2\/media?parent=194"}],"wp:term":[{"taxonomy":"yst_prominent_words","embeddable":true,"href":"https:\/\/lekmerison.hexarim.fr\/index.php\/wp-json\/wp\/v2\/yst_prominent_words?post=194"}],"curies":[{"name":"wp","href":"https:\/\/api.w.org\/{rel}","templated":true}]}}